{"id":324,"date":"2017-05-17T14:35:23","date_gmt":"2017-05-17T14:35:23","guid":{"rendered":"http:\/\/digitalwerke.at\/_demo\/ds\/?page_id=324\/"},"modified":"2017-05-17T14:35:59","modified_gmt":"2017-05-17T14:35:59","slug":"impressum","status":"publish","type":"page","link":"https:\/\/dr-schoepf.at\/it\/impressum\/","title":{"rendered":"Impressum"},"content":{"rendered":"<p>Advokatur Dr. Herbert Sch\u00f6pf, LL.M., Rechtsanwalt-GmbH<\/p>\n<p>Arkadenhof<\/p>\n<p>Maria-Theresien-Stra\u00dfe 34<\/p>\n<p>6020 Innsbruck<\/p>\n<p>\u00d6sterreich<br \/>\nTelefono: +43 (0) 512 584424<\/p>\n<p>Telefax: +43 (0) 512 584424-44<\/p>\n<p>E-Mail: <a href=\"mailto:advokatur@dr-schoepf.at\">advokatur@dr-schoepf.at<\/a><br \/>\nPartita iva: ATU 71242924<\/p>\n<p>FN 456218i LG Innsbruck<\/p>\n<p>Codice avvocato: P830254<\/p>\n<p>&nbsp;<\/p>\n<p>Iscritto all\u00b4albo degli avvocati di Innsbruck, Meraner Stra\u00dfe 3<\/p>\n<p>Iscritto all\u00b4ente degli amministratori fiduciari del Tirolo<\/p>\n<p>&nbsp;<\/p>\n<p>Normative di riferimento alla professione:<\/p>\n<p>Ordinamento forense (RAO)<\/p>\n<p>Linee guida relative all\u00b4esercizio della professione di avvocato (RL-BA)<\/p>\n<p>Legge sulle tariffe forensi (RATG)<\/p>\n<p>Sogetto all\u00b4ordine di controllo dell\u00b4ordine degli avvocati del Tirolo<\/p>\n","protected":false},"excerpt":{"rendered":"<p>Advokatur Dr. Herbert Sch\u00f6pf, LL.M., Rechtsanwalt-GmbH Arkadenhof Maria-Theresien-Stra\u00dfe 34 6020 Innsbruck \u00d6sterreich Telefono: +43 (0) 512 584424 Telefax: +43 (0) 512 584424-44 E-Mail: advokatur@dr-schoepf.at Partita iva: ATU 71242924 FN 456218i &#8230; <a class=\"more-link\" href=\"https:\/\/dr-schoepf.at\/it\/impressum\/\"> Read More <i class=\"fa fa-arrow-right\"><\/i><\/a><\/p>\n","protected":false},"author":1,"featured_media":0,"parent":0,"menu_order":0,"comment_status":"closed","ping_status":"closed","template":"","meta":{"footnotes":""},"class_list":["post-324","page","type-page","status-publish","hentry"],"_links":{"self":[{"href":"https:\/\/dr-schoepf.at\/it\/wp-json\/wp\/v2\/pages\/324","targetHints":{"allow":["GET"]}}],"collection":[{"href":"https:\/\/dr-schoepf.at\/it\/wp-json\/wp\/v2\/pages"}],"about":[{"href":"https:\/\/dr-schoepf.at\/it\/wp-json\/wp\/v2\/types\/page"}],"author":[{"embeddable":true,"href":"https:\/\/dr-schoepf.at\/it\/wp-json\/wp\/v2\/users\/1"}],"replies":[{"embeddable":true,"href":"https:\/\/dr-schoepf.at\/it\/wp-json\/wp\/v2\/comments?post=324"}],"version-history":[{"count":2,"href":"https:\/\/dr-schoepf.at\/it\/wp-json\/wp\/v2\/pages\/324\/revisions"}],"predecessor-version":[{"id":326,"href":"https:\/\/dr-schoepf.at\/it\/wp-json\/wp\/v2\/pages\/324\/revisions\/326"}],"wp:attachment":[{"href":"https:\/\/dr-schoepf.at\/it\/wp-json\/wp\/v2\/media?parent=324"}],"curies":[{"name":"wp","href":"https:\/\/api.w.org\/{rel}","templated":true}]}}