{"id":322,"date":"2017-05-17T14:34:37","date_gmt":"2017-05-17T14:34:37","guid":{"rendered":"http:\/\/digitalwerke.at\/_demo\/ds\/?page_id=322\/"},"modified":"2017-05-17T14:34:37","modified_gmt":"2017-05-17T14:34:37","slug":"imprint","status":"publish","type":"page","link":"https:\/\/dr-schoepf.at\/en\/imprint\/","title":{"rendered":"Imprint"},"content":{"rendered":"<p>Advokatur Dr. Herbert Sch\u00f6pf, LL.M., Rechtsanwalt-GmbH<\/p>\n<p>Arkadenhof<\/p>\n<p>Maria-Theresien-Stra\u00dfe 34<\/p>\n<p>6020 Innsbruck<\/p>\n<p>\u00d6sterreich<\/p>\n<p>&nbsp;<\/p>\n<p>Telephone: +43 (0) 512 584424<\/p>\n<p>Fax: +43 (0) 512 584424-44<\/p>\n<p>E-Mail: <a href=\"mailto:advokatur@dr-schoepf.at\">advokatur@dr-schoepf.at<\/a><\/p>\n<p>&nbsp;<\/p>\n<p>VAT No: ATU 71242924<\/p>\n<p>Companies Register No: 456218i, Innsbruck Higher Court<\/p>\n<p>Attorneys ID Code: P830254<\/p>\n<p>&nbsp;<\/p>\n<p>Member of the Tyrolean Bar Association, Meraner Stra\u00dfe 3, 6020 Innsbruck<\/p>\n<p>Member of the Escrow Association of the Tyrolean Bar Association<\/p>\n<p>&nbsp;<\/p>\n<p>Professional Regulations:<\/p>\n<p>Attorneys Code (RAO)<\/p>\n<p>Guidelines for Practicing Law (RL-BA)<\/p>\n<p>Attorneys Fee Order (RATG)<\/p>\n<p>Subject to supervision by the Tyrolean Bar Association<\/p>\n","protected":false},"excerpt":{"rendered":"<p>Advokatur Dr. Herbert Sch\u00f6pf, LL.M., Rechtsanwalt-GmbH Arkadenhof Maria-Theresien-Stra\u00dfe 34 6020 Innsbruck \u00d6sterreich &nbsp; Telephone: +43 (0) 512 584424 Fax: +43 (0) 512 584424-44 E-Mail: advokatur@dr-schoepf.at &nbsp; VAT No: ATU 71242924 &#8230; <a class=\"more-link\" href=\"https:\/\/dr-schoepf.at\/en\/imprint\/\"> Read More <i class=\"fa fa-arrow-right\"><\/i><\/a><\/p>\n","protected":false},"author":1,"featured_media":0,"parent":0,"menu_order":0,"comment_status":"closed","ping_status":"closed","template":"","meta":{"footnotes":""},"class_list":["post-322","page","type-page","status-publish","hentry"],"_links":{"self":[{"href":"https:\/\/dr-schoepf.at\/en\/wp-json\/wp\/v2\/pages\/322","targetHints":{"allow":["GET"]}}],"collection":[{"href":"https:\/\/dr-schoepf.at\/en\/wp-json\/wp\/v2\/pages"}],"about":[{"href":"https:\/\/dr-schoepf.at\/en\/wp-json\/wp\/v2\/types\/page"}],"author":[{"embeddable":true,"href":"https:\/\/dr-schoepf.at\/en\/wp-json\/wp\/v2\/users\/1"}],"replies":[{"embeddable":true,"href":"https:\/\/dr-schoepf.at\/en\/wp-json\/wp\/v2\/comments?post=322"}],"version-history":[{"count":1,"href":"https:\/\/dr-schoepf.at\/en\/wp-json\/wp\/v2\/pages\/322\/revisions"}],"predecessor-version":[{"id":323,"href":"https:\/\/dr-schoepf.at\/en\/wp-json\/wp\/v2\/pages\/322\/revisions\/323"}],"wp:attachment":[{"href":"https:\/\/dr-schoepf.at\/en\/wp-json\/wp\/v2\/media?parent=322"}],"curies":[{"name":"wp","href":"https:\/\/api.w.org\/{rel}","templated":true}]}}